{"id":4759,"date":"2021-04-20T15:50:45","date_gmt":"2021-04-20T13:50:45","guid":{"rendered":"https:\/\/adecglobal.com\/aviso-legal-y-politica-de-privacidad\/"},"modified":"2025-07-30T16:10:43","modified_gmt":"2025-07-30T14:10:43","slug":"aviso-legal-y-politica-de-privacidad","status":"publish","type":"page","link":"https:\/\/adecglobal.com\/es\/aviso-legal-y-politica-de-privacidad\/","title":{"rendered":"Aviso legal"},"content":{"rendered":"\t\t<div data-elementor-type=\"wp-page\" data-elementor-id=\"4759\" class=\"elementor elementor-4759 elementor-3\" data-elementor-post-type=\"page\">\n\t\t\t\t\t\t<section class=\"has_eae_slider elementor-section elementor-top-section elementor-element elementor-element-1283fd1 elementor-section-boxed elementor-section-height-default elementor-section-height-default\" data-eae-slider=\"33082\" data-id=\"1283fd1\" data-element_type=\"section\" data-e-type=\"section\">\n\t\t\t\t\t\t<div class=\"elementor-container elementor-column-gap-default\">\n\t\t\t\t\t<div class=\"has_eae_slider elementor-column elementor-col-100 elementor-top-column elementor-element elementor-element-2d6ef705\" data-eae-slider=\"80629\" data-id=\"2d6ef705\" data-element_type=\"column\" data-e-type=\"column\">\n\t\t\t<div class=\"elementor-widget-wrap elementor-element-populated\">\n\t\t\t\t\t\t<div class=\"elementor-element elementor-element-1ad82ee1 elementor-widget elementor-widget-text-editor\" data-id=\"1ad82ee1\" data-element_type=\"widget\" data-e-type=\"widget\" data-widget_type=\"text-editor.default\">\n\t\t\t\t<div class=\"elementor-widget-container\">\n\t\t\t\t\t\t\t\t\t\n<p class=\"p2\"><b>LEY DE LOS SERVICIOS DE LA SOCIEDAD DE LA INFORMACI\u00d3N (LSSI)<\/b><\/p>\n<p class=\"p2\">ADEC GLOBAL, SL, responsable del sitio web, en adelante RESPONSABLE, pon a<\/p>\n<p class=\"p2\">disposici\u00f3n de los usuarios el presente documento, con el que pretende dar cumplimiento<\/p>\n<p class=\"p2\">a las obligaciones dispuestas en la Ley 34\/2002, de 11 de julio, de Servicios de la<\/p>\n<p class=\"p2\">Sociedad de la Informaci\u00f3n y de Comercio Electr\u00f3nico (LSSICE), BOE N.\u00ba 166, as\u00ed como<\/p>\n<p class=\"p2\">informar a todos los usuarios del sitio web respecto a cu\u00e1les son las condiciones de uso.<\/p>\n<p class=\"p2\">Toda persona que acceda a este sitio web asume el papel de usuario, comprometi\u00e9ndose a<\/p>\n<p class=\"p2\">la observancia y cumplimiento riguroso de las disposiciones aqu\u00ed dispuestas, as\u00ed como a<\/p>\n<p class=\"p2\">cualquier otra disposici\u00f3n legal que fuera de aplicaci\u00f3n.<\/p>\n<p class=\"p2\">ADEC GLOBAL, SL se reserva el derecho de modificar cualquier tipo de informaci\u00f3n que<\/p>\n<p class=\"p2\">pudiera aparecer en el sitio web, sino que exista obligaci\u00f3n de preavisar o poner en<\/p>\n<p class=\"p2\">conocimiento de los usuarios dichas obligaciones, entendi\u00e9ndose como suficiente la<\/p>\n<p class=\"p2\">publicaci\u00f3n en el sitio web de ADEC GLOBAL, SL.<\/p>\n<p class=\"p2\"><b>1. DATOS IDENTIFICATIVOS<\/b><\/p>\n<p class=\"p2\">N\u00famero de dominio: www.adecglobal.com<\/p>\n<p class=\"p2\">N\u00famero comercial: ADEC GLOBAL<\/p>\n<p class=\"p2\">Denominaci\u00f3n social: ADEC GLOBAL, SL<\/p>\n<p class=\"p2\">NIF: B65005977<\/p>\n<p class=\"p2\">Domicilio social: CL. Torrent Del Martre, 19, NAVE 10 &#8211; PI EL GRAB &#8211; 08758 <\/p>\n<p class=\"p2\">Cervell\u00f3(Barcelona)<\/p>\n<p class=\"p2\">Tel\u00e9fono: 930 027 278<\/p>\n<p class=\"p2\">E-mail: adecglobal@adecglobal.com<\/p>\n<p class=\"p2\">Registro Mercantil de BARCELONA T 48580 , F 162, S 8, HB 377919, I\/A 18<\/p>\n<p class=\"p2\"><b>2. DERECHOS DE PROPIEDAD INTELECTUAL E INDUSTRIAL<\/b><\/p>\n<p class=\"p2\">El sitio web, incluyendo a t\u00edtulo enunciativo pero no limitativo su programaci\u00f3n, edici\u00f3n,<\/p>\n<p class=\"p2\">compilaci\u00f3n y otros elementos necesarios para su funcionamiento, los dise\u00f1os, logotipos,<\/p>\n<p class=\"p2\">texto y\/o gr\u00e1ficos, son propiedad del RESPONSABLE o, en su caso, dispone de licencia o<\/p>\n<p class=\"p2\">autorizaci\u00f3n expresa por parte de los autores. Todos los contenidos del sitio web se <\/p>\n<p class=\"p2\">encuentran debidamente protegidos por la normativa de propiedad intelectual e industrial,<\/p>\n<p class=\"p2\">as\u00ed como inscritos en los registros p\u00fablicos correspondiente.<\/p>\n<p class=\"p2\">Independientemente de la finalidad para la que fueran destinados, la reproducci\u00f3n total o<\/p>\n<p class=\"p2\">parcial, uso, explotaci\u00f3n, distribuci\u00f3n y comercializaci\u00f3n, requiere en todo caso la<\/p>\n<p class=\"p2\">autorizaci\u00f3n escrita previa por parte del RESPONSABLE. Cualquier uso no autorizado <\/p>\n<p class=\"p2\">previamente se considera un incumplimiento grave de los derechos de propiedad<\/p>\n<p class=\"p2\">intelectual o industrial del autor.<\/p>\n<p class=\"p2\">Los dise\u00f1os, logotipos, texto y\/o gr\u00e1ficos ajenos al RESPONSABLE y que pudieran<\/p>\n<p class=\"p3\">28-02-2025<\/p>\n<p class=\"p3\">5<\/p>\n<p class=\"p4\"><b>ADEC GLOBAL, SL<\/b><\/p>\n<p class=\"p4\">CL. Torrent del Martre, 19, Nv 10 &#8211; PI EL GRAB, &#8211; 08758 Cervell\u00f3 (Barcelona) ESPA\u00d1A <span class=\"s1\">ADEC GLOBAL, SL<\/span> <\/p>\n<p class=\"p2\">aparecer en el sitio web, pertenecen a sus respectivos propietarios, siendo ellos mismos<\/p>\n<p class=\"p2\">responsables de cualquier posible controversia que pudiera suscitarse respecto a los<\/p>\n<p class=\"p2\">mismos. El RESPONSABLE autoriza expresamente a que terceros puedan redirigir <\/p>\n<p class=\"p2\">directamente a los contenidos concretos del sitio web, y en todo caso redirigir al sitio web<\/p>\n<p class=\"p2\">principal de www.adecglobal.com.<\/p>\n<p class=\"p2\">El RESPONSABLE reconoce a favor de sus titulares los correspondiente derechos de<\/p>\n<p class=\"p2\">propiedad intelectual e industrial, no implicando su sola menci\u00f3n o aparici\u00f3n en el sitio<\/p>\n<p class=\"p2\">web la existencia de derechos o responsabilidad alguna sobre los mismos, como tampoco<\/p>\n<p class=\"p2\">respaldo, patrocinio o recomendaci\u00f3n por parte del mismo.<\/p>\n<p class=\"p2\">Para realizar cualquier tipo de observaci\u00f3n respecto a posibles incumplimientos de los<\/p>\n<p class=\"p2\">derechos de propiedad intelectual o industrial, as\u00ed como sobre cualquiera de los contenidos<\/p>\n<p class=\"p2\">del sitio web, puede hacerlo a trav\u00e9s del correo electr\u00f3nico adecglobal@adecglobal.com.<\/p>\n<p class=\"p2\"><b>3. EXENCI\u00d3N DE RESPONSABILIDADES<\/b><\/p>\n<p class=\"p2\">El RESPONSABLE se exime de cualquier tipo de responsabilidad derivada de la informaci\u00f3n<\/p>\n<p class=\"p2\">publicada en su sitio web siempre que no tenga conocimiento efectivo de que esta<\/p>\n<p class=\"p2\">informaci\u00f3n haya sido manipulada o introducida por un tercero ajeno al mismo o, si lo<\/p>\n<p class=\"p2\">tiene, haya actuado como diligencia para retirar las datos o hacer imposible el acceso a<\/p>\n<p class=\"p2\">ellos.<\/p>\n<p class=\"p2\"><b>Uso de Cookies<\/b><\/p>\n<p class=\"p2\">Este sitio web puede utilizar cookies t\u00e9cnicas (peque\u00f1os archivos de informaci\u00f3n que el<\/p>\n<p class=\"p2\">servidor env\u00eda al ordenador de quien accede a la p\u00e1gina) para llevar a cabo determinadas<\/p>\n<p class=\"p2\">funciones que son consideradas imprescindibles para el correcto funcionamiento y<\/p>\n<p class=\"p2\">visualizaci\u00f3n del sitio. Las cookies utilizadas tienen, en todo caso, car\u00e1cter temporal, como <\/p>\n<p class=\"p2\">la \u00fanica finalidad de hacer m\u00e1s eficaz la navegaci\u00f3n, y desaparecen al terminar la sesi\u00f3n<\/p>\n<p class=\"p2\">del usuario. En ning\u00fan caso, estas cookies proporcionan por s\u00ed mismas datos de car\u00e1cter <\/p>\n<p class=\"p2\">personal y no se utilizar\u00e1n para la recogida de los mismos.<\/p>\n<p class=\"p2\">Mediante el uso de cookies tambi\u00e9n es posible que el servidor en el que se encuentra la web<\/p>\n<p class=\"p2\">reconozca el navegador utilizado por el usuario con la finalidad de que la navegaci\u00f3n sea<\/p>\n<p class=\"p2\">m\u00e1s sencilla, permitiendo, por ejemplo, el acceso de los usuarios que se hayan registrado<\/p>\n<p class=\"p2\">previamente a las \u00e1reas, servicios, promociones o concursos reservados exclusivamente a<\/p>\n<p class=\"p2\">ellos sin tener que registrarse en cada visita. Tambi\u00e9n se pueden utilizar para medir la <\/p>\n<p class=\"p2\">audiencia, par\u00e1metros de tr\u00e1fico, controlar el progreso y n\u00famero de entradas, etc., siendo<\/p>\n<p class=\"p2\">en estos casos cookies prescindibles t\u00e9cnicamente, pero beneficiosas para el usuario. Este <\/p>\n<p class=\"p2\">sitio web no instalar\u00e1 cookies prescindibles sin el previo consentimiento del usuario.<\/p>\n<p class=\"p2\">Este sitio web utiliza cookies propias y de terceros para fines anal\u00edticos y para mostrarle<\/p>\n<p class=\"p2\">publicidad personalizada en base a un perfil elaborado a partir de sus h\u00e1bitos de<\/p>\n<p class=\"p2\">navegaci\u00f3n (por ejemplo, p\u00e1ginas visitadas). A todo usuario que visita la web se le <\/p>\n<p class=\"p2\">informa del uso de estas cookies mediante un banner flotante. En el caso de aceptar su <\/p>\n<p class=\"p2\">uso, el banner desaparecer\u00e1, aunque en todo momento podr\u00e1 revocar el consentimiento y<\/p>\n<p class=\"p2\">obtener m\u00e1s informaci\u00f3n consultando nuestra Pol\u00edtica de cookies.<\/p>\n<p class=\"p2\">El usuario tiene la posibilidad de configurar su navegador para ser alertado de la recepci\u00f3n<\/p>\n<p class=\"p2\">de cookies y para impedir su instalaci\u00f3n en su equipo. Por favor, consulte las instrucciones <\/p>\n<p class=\"p2\">de su navegador para ampliar esta informaci\u00f3n.<\/p>\n<p class=\"p2\"><b>Pol\u00edtica de enlaces<\/b><\/p>\n<p class=\"p2\">Desde el sitio web, es posible que se redirija a contenidos de terceros sitios web. <\/p>\n<p class=\"p3\">28-02-2025<\/p>\n<p class=\"p3\">6<\/p>\n<p class=\"p4\"><b>ADEC GLOBAL, SL<\/b><\/p>\n<p class=\"p4\">CL. Torrent del Martre, 19, Nv 10 &#8211; PI EL GRAB, &#8211; 08758 Cervell\u00f3 (Barcelona) ESPA\u00d1A <span class=\"s1\">ADEC GLOBAL, SL<\/span> <\/p>\n<p class=\"p2\">que el RESPONSABLE no puede controlar siempre los contenidos introducidos por terceros<\/p>\n<p class=\"p2\">en sus respectivos sitios web, no asume ning\u00fan tipo de responsabilidad respecto a dichos<\/p>\n<p class=\"p2\">contenidos. En todo caso, proceder\u00e1 a la retirada inmediata de cualquier contenido que <\/p>\n<p class=\"p2\">pudiera contravenir la legislaci\u00f3n nacional o internacional, la moral o el orden p\u00fablico,<\/p>\n<p class=\"p2\">procediendo a la retirada inmediata de la redirecci\u00f3n a dicho sitio web, poniendo en<\/p>\n<p class=\"p2\">conocimiento de las autoridades competentes el contenido en cuesti\u00f3n.<\/p>\n<p class=\"p2\">El RESPONSABLE no se hace responsable de la informaci\u00f3n y contenidos almacenados, en<\/p>\n<p class=\"p2\">t\u00edtulo enunciativo pero no limitativo, en foros, chats, generadoras de blogs, comentarios,<\/p>\n<p class=\"p2\">redes sociales o cualquier otro medio que permita a terceros publicar contenidos de forma<\/p>\n<p class=\"p2\">independiente en la p\u00e1gina web del RESPONSABLE Sin embargo, y en cumplimiento de lo <\/p>\n<p class=\"p2\">dispuesto en los art\u00edculos 11 y 16 de la LSSICE, se pondr\u00e1 a disposici\u00f3n de todos los<\/p>\n<p class=\"p2\">usuarios, autoridades y fuerzas de seguridad, colaborando de forma activa en la retirada<\/p>\n<p class=\"p2\">o, en su caso, bloqueo de todos aquellos contenidos que puedan afectar o contravenir la<\/p>\n<p class=\"p2\">legislaci\u00f3n nacional o internacional, los derechos de terceros o la moral y el orden p\u00fablico.<\/p>\n<p class=\"p2\">En caso de que el usuario considere que existe en el sitio web alg\u00fan contenido que pudiera<\/p>\n<p class=\"p2\">ser susceptible de esta clasificaci\u00f3n, se ruega lo notifique de forma inmediata al<\/p>\n<p class=\"p2\">administrador del sitio web.<\/p>\n<p class=\"p2\">Este sitio web se ha revisado y probado para que funcione correctamente. En principio, <\/p>\n<p class=\"p2\">puede garantizarse su correcto funcionamiento los 365 d\u00edas del a\u00f1o, 24 horas al d\u00eda. Sin <\/p>\n<p class=\"p2\">sin embargo, el RESPONSABLE no descarta la posibilidad de que existan ciertos errores de<\/p>\n<p class=\"p2\">programaci\u00f3n, o que ocurran causas de fuerza mayor, cat\u00e1strofes naturales, huelgas o<\/p>\n<p class=\"p2\">circunstancias semejantes que hayan imposible el acceso a la p\u00e1gina web.<\/p>\n<p class=\"p2\"><b>Direcciones IP<\/b><\/p>\n<p class=\"p2\">Los servidores del sitio web podr\u00e1n detectar de forma autom\u00e1tica la direcci\u00f3n IP y el<\/p>\n<p class=\"p2\">n\u00famero de dominio utilizados por el usuario. Una direcci\u00f3n IP es un n\u00famero asignado <\/p>\n<p class=\"p2\">autom\u00e1ticamente a un ordenador cuando \u00e9ste se conecta a Internet. Toda esta <\/p>\n<p class=\"p2\">informaci\u00f3n se registra en un archivo de actividad del servidor debidamente inscrito que<\/p>\n<p class=\"p2\">permite el posterior procesamiento de las datos con el fin de obtener mediciones<\/p>\n<p class=\"p2\">\u00fanicamente estad\u00edsticas que permitan conocer el n\u00famero de impresiones de p\u00e1ginas, el<\/p>\n<p class=\"p2\">n\u00famero de visitas realizadas en los servidores web, el orden de visitas, el punto de acceso,<\/p>\n<p class=\"p2\">etc.<\/p>\n<p class=\"p2\"><b>4. LEY APLICABLE Y JURISDICCI\u00d3N<\/b><\/p>\n<p class=\"p2\">Para la resoluci\u00f3n de todas las controversias o cuestiones relacionadas con el presente<\/p>\n<p class=\"p2\">sitio web o de las actividades en \u00e9l desarrolladas, ser\u00e1 de aplicaci\u00f3n la legislaci\u00f3n<\/p>\n<p class=\"p2\">espa\u00f1ola, a la que se someten expresamente las partes, siendo competentes para la<\/p>\n<p class=\"p2\">resoluci\u00f3n de todos los conflictos derivados o relacionados con su uso los Juzgados y<\/p>\n<p class=\"p2\">Tribunales del domicilio del USUARIO o el lugar del cumplimiento de la obligaci\u00f3n.<\/p>\n\t\t\t\t\t\t\t\t<\/div>\n\t\t\t\t<\/div>\n\t\t\t\t\t<\/div>\n\t\t<\/div>\n\t\t\t\t\t<\/div>\n\t\t<\/section>\n\t\t\t\t<\/div>\n\t\t","protected":false},"excerpt":{"rendered":"<p>LEY DE LOS SERVICIOS DE LA SOCIEDAD DE LA INFORMACI\u00d3N (LSSI) ADEC GLOBAL, SL, responsable del sitio web, en adelante RESPONSABLE, pon a disposici\u00f3n de los usuarios el presente documento, con el que pretende dar cumplimiento a las obligaciones dispuestas en la Ley 34\/2002, de 11 de julio, de Servicios de la Sociedad de la [&hellip;]<\/p>\n","protected":false},"author":1,"featured_media":0,"parent":0,"menu_order":0,"comment_status":"closed","ping_status":"closed","template":"","meta":{"footnotes":""},"class_list":["post-4759","page","type-page","status-publish","hentry"],"yoast_head":"<!-- This site is optimized with the Yoast SEO Premium plugin v27.3 (Yoast SEO v27.3) - https:\/\/yoast.com\/product\/yoast-seo-premium-wordpress\/ -->\n<title>Aviso legal - Adec Global<\/title>\n<meta name=\"robots\" content=\"index, follow, max-snippet:-1, max-image-preview:large, max-video-preview:-1\" \/>\n<link rel=\"canonical\" href=\"https:\/\/adecglobal.com\/es\/aviso-legal-y-politica-de-privacidad\/\" \/>\n<meta property=\"og:locale\" content=\"es_ES\" \/>\n<meta property=\"og:type\" content=\"article\" \/>\n<meta property=\"og:title\" content=\"Aviso legal\" \/>\n<meta property=\"og:description\" content=\"LEY DE LOS SERVICIOS DE LA SOCIEDAD DE LA INFORMACI\u00d3N (LSSI) ADEC GLOBAL, SL, responsable del sitio web, en adelante RESPONSABLE, pon a disposici\u00f3n de los usuarios el presente documento, con el que pretende dar cumplimiento a las obligaciones dispuestas en la Ley 34\/2002, de 11 de julio, de Servicios de la Sociedad de la [&hellip;]\" \/>\n<meta property=\"og:url\" content=\"https:\/\/adecglobal.com\/es\/aviso-legal-y-politica-de-privacidad\/\" \/>\n<meta property=\"og:site_name\" content=\"Adec Global\" \/>\n<meta property=\"article:modified_time\" content=\"2025-07-30T14:10:43+00:00\" \/>\n<meta name=\"twitter:card\" content=\"summary_large_image\" \/>\n<meta name=\"twitter:label1\" content=\"Tiempo de lectura\" \/>\n\t<meta name=\"twitter:data1\" content=\"8 minutos\" \/>\n<script type=\"application\/ld+json\" class=\"yoast-schema-graph\">{\"@context\":\"https:\\\/\\\/schema.org\",\"@graph\":[{\"@type\":\"WebPage\",\"@id\":\"https:\\\/\\\/adecglobal.com\\\/es\\\/aviso-legal-y-politica-de-privacidad\\\/\",\"url\":\"https:\\\/\\\/adecglobal.com\\\/es\\\/aviso-legal-y-politica-de-privacidad\\\/\",\"name\":\"Aviso legal - Adec Global\",\"isPartOf\":{\"@id\":\"https:\\\/\\\/adecglobal.com\\\/es\\\/#website\"},\"datePublished\":\"2021-04-20T13:50:45+00:00\",\"dateModified\":\"2025-07-30T14:10:43+00:00\",\"breadcrumb\":{\"@id\":\"https:\\\/\\\/adecglobal.com\\\/es\\\/aviso-legal-y-politica-de-privacidad\\\/#breadcrumb\"},\"inLanguage\":\"es\",\"potentialAction\":[{\"@type\":\"ReadAction\",\"target\":[\"https:\\\/\\\/adecglobal.com\\\/es\\\/aviso-legal-y-politica-de-privacidad\\\/\"]}]},{\"@type\":\"BreadcrumbList\",\"@id\":\"https:\\\/\\\/adecglobal.com\\\/es\\\/aviso-legal-y-politica-de-privacidad\\\/#breadcrumb\",\"itemListElement\":[{\"@type\":\"ListItem\",\"position\":1,\"name\":\"Home\",\"item\":\"https:\\\/\\\/adecglobal.com\\\/es\\\/hombre\\\/\"},{\"@type\":\"ListItem\",\"position\":2,\"name\":\"Aviso legal\"}]},{\"@type\":\"WebSite\",\"@id\":\"https:\\\/\\\/adecglobal.com\\\/es\\\/#website\",\"url\":\"https:\\\/\\\/adecglobal.com\\\/es\\\/\",\"name\":\"Adec Global\",\"description\":\"Convertim residus industrials en \u00e0rids sider\u00fargics\",\"publisher\":{\"@id\":\"https:\\\/\\\/adecglobal.com\\\/es\\\/#organization\"},\"potentialAction\":[{\"@type\":\"SearchAction\",\"target\":{\"@type\":\"EntryPoint\",\"urlTemplate\":\"https:\\\/\\\/adecglobal.com\\\/es\\\/?s={search_term_string}\"},\"query-input\":{\"@type\":\"PropertyValueSpecification\",\"valueRequired\":true,\"valueName\":\"search_term_string\"}}],\"inLanguage\":\"es\"},{\"@type\":\"Organization\",\"@id\":\"https:\\\/\\\/adecglobal.com\\\/es\\\/#organization\",\"name\":\"Adec Global\",\"url\":\"https:\\\/\\\/adecglobal.com\\\/es\\\/\",\"logo\":{\"@type\":\"ImageObject\",\"inLanguage\":\"es\",\"@id\":\"https:\\\/\\\/adecglobal.com\\\/es\\\/#\\\/schema\\\/logo\\\/image\\\/\",\"url\":\"https:\\\/\\\/adecglobal.com\\\/wp-content\\\/uploads\\\/2021\\\/04\\\/adec-global-logo.webp\",\"contentUrl\":\"https:\\\/\\\/adecglobal.com\\\/wp-content\\\/uploads\\\/2021\\\/04\\\/adec-global-logo.webp\",\"width\":659,\"height\":141,\"caption\":\"Adec Global\"},\"image\":{\"@id\":\"https:\\\/\\\/adecglobal.com\\\/es\\\/#\\\/schema\\\/logo\\\/image\\\/\"}}]}<\/script>\n<!-- \/ Yoast SEO Premium plugin. -->","yoast_head_json":{"title":"Aviso legal - Adec Global","robots":{"index":"index","follow":"follow","max-snippet":"max-snippet:-1","max-image-preview":"max-image-preview:large","max-video-preview":"max-video-preview:-1"},"canonical":"https:\/\/adecglobal.com\/es\/aviso-legal-y-politica-de-privacidad\/","og_locale":"es_ES","og_type":"article","og_title":"Aviso legal","og_description":"LEY DE LOS SERVICIOS DE LA SOCIEDAD DE LA INFORMACI\u00d3N (LSSI) ADEC GLOBAL, SL, responsable del sitio web, en adelante RESPONSABLE, pon a disposici\u00f3n de los usuarios el presente documento, con el que pretende dar cumplimiento a las obligaciones dispuestas en la Ley 34\/2002, de 11 de julio, de Servicios de la Sociedad de la [&hellip;]","og_url":"https:\/\/adecglobal.com\/es\/aviso-legal-y-politica-de-privacidad\/","og_site_name":"Adec Global","article_modified_time":"2025-07-30T14:10:43+00:00","twitter_card":"summary_large_image","twitter_misc":{"Tiempo de lectura":"8 minutos"},"schema":{"@context":"https:\/\/schema.org","@graph":[{"@type":"WebPage","@id":"https:\/\/adecglobal.com\/es\/aviso-legal-y-politica-de-privacidad\/","url":"https:\/\/adecglobal.com\/es\/aviso-legal-y-politica-de-privacidad\/","name":"Aviso legal - Adec Global","isPartOf":{"@id":"https:\/\/adecglobal.com\/es\/#website"},"datePublished":"2021-04-20T13:50:45+00:00","dateModified":"2025-07-30T14:10:43+00:00","breadcrumb":{"@id":"https:\/\/adecglobal.com\/es\/aviso-legal-y-politica-de-privacidad\/#breadcrumb"},"inLanguage":"es","potentialAction":[{"@type":"ReadAction","target":["https:\/\/adecglobal.com\/es\/aviso-legal-y-politica-de-privacidad\/"]}]},{"@type":"BreadcrumbList","@id":"https:\/\/adecglobal.com\/es\/aviso-legal-y-politica-de-privacidad\/#breadcrumb","itemListElement":[{"@type":"ListItem","position":1,"name":"Home","item":"https:\/\/adecglobal.com\/es\/hombre\/"},{"@type":"ListItem","position":2,"name":"Aviso legal"}]},{"@type":"WebSite","@id":"https:\/\/adecglobal.com\/es\/#website","url":"https:\/\/adecglobal.com\/es\/","name":"Adec Global","description":"Convertim residus industrials en \u00e0rids sider\u00fargics","publisher":{"@id":"https:\/\/adecglobal.com\/es\/#organization"},"potentialAction":[{"@type":"SearchAction","target":{"@type":"EntryPoint","urlTemplate":"https:\/\/adecglobal.com\/es\/?s={search_term_string}"},"query-input":{"@type":"PropertyValueSpecification","valueRequired":true,"valueName":"search_term_string"}}],"inLanguage":"es"},{"@type":"Organization","@id":"https:\/\/adecglobal.com\/es\/#organization","name":"Adec Global","url":"https:\/\/adecglobal.com\/es\/","logo":{"@type":"ImageObject","inLanguage":"es","@id":"https:\/\/adecglobal.com\/es\/#\/schema\/logo\/image\/","url":"https:\/\/adecglobal.com\/wp-content\/uploads\/2021\/04\/adec-global-logo.webp","contentUrl":"https:\/\/adecglobal.com\/wp-content\/uploads\/2021\/04\/adec-global-logo.webp","width":659,"height":141,"caption":"Adec Global"},"image":{"@id":"https:\/\/adecglobal.com\/es\/#\/schema\/logo\/image\/"}}]}},"_links":{"self":[{"href":"https:\/\/adecglobal.com\/es\/wp-json\/wp\/v2\/pages\/4759","targetHints":{"allow":["GET"]}}],"collection":[{"href":"https:\/\/adecglobal.com\/es\/wp-json\/wp\/v2\/pages"}],"about":[{"href":"https:\/\/adecglobal.com\/es\/wp-json\/wp\/v2\/types\/page"}],"author":[{"embeddable":true,"href":"https:\/\/adecglobal.com\/es\/wp-json\/wp\/v2\/users\/1"}],"replies":[{"embeddable":true,"href":"https:\/\/adecglobal.com\/es\/wp-json\/wp\/v2\/comments?post=4759"}],"version-history":[{"count":4,"href":"https:\/\/adecglobal.com\/es\/wp-json\/wp\/v2\/pages\/4759\/revisions"}],"predecessor-version":[{"id":5542,"href":"https:\/\/adecglobal.com\/es\/wp-json\/wp\/v2\/pages\/4759\/revisions\/5542"}],"wp:attachment":[{"href":"https:\/\/adecglobal.com\/es\/wp-json\/wp\/v2\/media?parent=4759"}],"curies":[{"name":"wp","href":"https:\/\/api.w.org\/{rel}","templated":true}]}}