{"id":4853,"date":"2022-10-26T19:47:29","date_gmt":"2022-10-26T17:47:29","guid":{"rendered":"https:\/\/adecglobal.com\/beneficios-actividad\/"},"modified":"2024-12-11T13:03:16","modified_gmt":"2024-12-11T12:03:16","slug":"beneficios-actividad","status":"publish","type":"page","link":"https:\/\/adecglobal.com\/es\/beneficios-actividad\/","title":{"rendered":"Beneficios actividad"},"content":{"rendered":"\t\t<div data-elementor-type=\"wp-page\" data-elementor-id=\"4853\" class=\"elementor elementor-4853 elementor-2155\" data-elementor-post-type=\"page\">\n\t\t\t\t\t\t<section class=\"has_eae_slider elementor-section elementor-top-section elementor-element elementor-element-aaa2fe1 elementor-section-full_width elementor-section-content-top elementor-section-height-default elementor-section-height-default\" data-eae-slider=\"36958\" data-id=\"aaa2fe1\" data-element_type=\"section\" data-e-type=\"section\">\n\t\t\t\t\t\t<div class=\"elementor-container elementor-column-gap-no\">\n\t\t\t\t\t<div class=\"has_eae_slider elementor-column elementor-col-50 elementor-top-column elementor-element elementor-element-b62e624\" data-eae-slider=\"58826\" data-id=\"b62e624\" data-element_type=\"column\" data-e-type=\"column\">\n\t\t\t<div class=\"elementor-widget-wrap elementor-element-populated\">\n\t\t\t\t\t\t<div class=\"elementor-element elementor-element-b07dbd7 elementor-widget elementor-widget-heading\" data-id=\"b07dbd7\" data-element_type=\"widget\" data-e-type=\"widget\" data-widget_type=\"heading.default\">\n\t\t\t\t<div class=\"elementor-widget-container\">\n\t\t\t\t\t<h2 class=\"elementor-heading-title elementor-size-default\">Beneficios de la actividad<\/h2>\t\t\t\t<\/div>\n\t\t\t\t<\/div>\n\t\t\t\t<div class=\"elementor-element elementor-element-a2a080b elementor-widget elementor-widget-text-editor\" data-id=\"a2a080b\" data-element_type=\"widget\" data-e-type=\"widget\" data-widget_type=\"text-editor.default\">\n\t\t\t\t<div class=\"elementor-widget-container\">\n\t\t\t\t\t\t\t\t\t<p><strong>Eco-integraci\u00f3n ambiental<\/strong> . Contribuimos activamente a la protecci\u00f3n del medio ambiente para ser m\u00e1s sostenible. <\/p>\n\t\t\t\t\t\t\t\t<\/div>\n\t\t\t\t<\/div>\n\t\t\t\t<div class=\"elementor-element elementor-element-111d30d elementor-widget elementor-widget-text-editor\" data-id=\"111d30d\" data-element_type=\"widget\" data-e-type=\"widget\" data-widget_type=\"text-editor.default\">\n\t\t\t\t<div class=\"elementor-widget-container\">\n\t\t\t\t\t\t\t\t\t<p><strong>Recuperamos y transformamos residuos de la construcci\u00f3n<\/strong> para convertirlos de nuevo en producto por su aplicaci\u00f3n en hormigones y asfaltos.  <\/p>\n<p>Gracias a nuestro <strong>proceso de recuperaci\u00f3n, nutrimos al sector de la construcci\u00f3n de \u00e1ridos de calidad<\/strong> aptos para su posterior reutilizaci\u00f3n.<\/p>\n<p style=\"caret-color: #000000; color: #000000; text-align: start;\">Por eso estamos comprometidos con la realizaci\u00f3n de <strong>obras sostenibles y m\u00e1s respetuosas con el medio ambiente<\/strong>, con la descarbonizaci\u00f3n del sector y con fomentar su econom\u00eda circular.<\/p>\n\t\t\t\t\t\t\t\t<\/div>\n\t\t\t\t<\/div>\n\t\t\t\t\t<\/div>\n\t\t<\/div>\n\t\t\t\t<div class=\"has_eae_slider elementor-column elementor-col-50 elementor-top-column elementor-element elementor-element-166c309 elementor-invisible\" data-eae-slider=\"26867\" data-id=\"166c309\" data-element_type=\"column\" data-e-type=\"column\" data-settings=\"{&quot;background_background&quot;:&quot;slideshow&quot;,&quot;background_slideshow_gallery&quot;:[{&quot;id&quot;:4446,&quot;url&quot;:&quot;https:\\\/\\\/nova.adecglobal.com\\\/wp-content\\\/uploads\\\/2024\\\/10\\\/adec-global_beneficis.jpg&quot;}],&quot;animation&quot;:&quot;fadeInRight&quot;,&quot;background_slideshow_loop&quot;:&quot;yes&quot;,&quot;background_slideshow_slide_duration&quot;:5000,&quot;background_slideshow_slide_transition&quot;:&quot;fade&quot;,&quot;background_slideshow_transition_duration&quot;:500}\">\n\t\t\t<div class=\"elementor-widget-wrap elementor-element-populated\">\n\t\t\t\t\t\t<div class=\"elementor-element elementor-element-4ed932c elementor-widget elementor-widget-spacer\" data-id=\"4ed932c\" data-element_type=\"widget\" data-e-type=\"widget\" data-widget_type=\"spacer.default\">\n\t\t\t\t<div class=\"elementor-widget-container\">\n\t\t\t\t\t\t\t<div class=\"elementor-spacer\">\n\t\t\t<div class=\"elementor-spacer-inner\"><\/div>\n\t\t<\/div>\n\t\t\t\t\t\t<\/div>\n\t\t\t\t<\/div>\n\t\t\t\t\t<\/div>\n\t\t<\/div>\n\t\t\t\t\t<\/div>\n\t\t<\/section>\n\t\t\t\t<section class=\"has_eae_slider elementor-section elementor-top-section elementor-element elementor-element-fad933e elementor-section-full_width elementor-section-height-default elementor-section-height-default\" data-eae-slider=\"45016\" data-id=\"fad933e\" data-element_type=\"section\" data-e-type=\"section\" data-settings=\"{&quot;background_background&quot;:&quot;classic&quot;}\">\n\t\t\t\t\t\t<div class=\"elementor-container elementor-column-gap-default\">\n\t\t\t\t\t<div class=\"has_eae_slider elementor-column elementor-col-25 elementor-top-column elementor-element elementor-element-4bf1e9e\" data-eae-slider=\"57877\" data-id=\"4bf1e9e\" data-element_type=\"column\" data-e-type=\"column\">\n\t\t\t<div class=\"elementor-widget-wrap\">\n\t\t\t\t\t\t\t<\/div>\n\t\t<\/div>\n\t\t\t\t<div class=\"has_eae_slider elementor-column elementor-col-50 elementor-top-column elementor-element elementor-element-5abb9bc\" data-eae-slider=\"67893\" data-id=\"5abb9bc\" data-element_type=\"column\" data-e-type=\"column\">\n\t\t\t<div class=\"elementor-widget-wrap elementor-element-populated\">\n\t\t\t\t\t\t<div class=\"elementor-element elementor-element-eedadfb elementor-widget elementor-widget-heading\" data-id=\"eedadfb\" data-element_type=\"widget\" data-e-type=\"widget\" data-widget_type=\"heading.default\">\n\t\t\t\t<div class=\"elementor-widget-container\">\n\t\t\t\t\t<h2 class=\"elementor-heading-title elementor-size-default\">VALORES<\/h2>\t\t\t\t<\/div>\n\t\t\t\t<\/div>\n\t\t\t\t<div class=\"elementor-element elementor-element-406adea elementor-widget elementor-widget-text-editor\" data-id=\"406adea\" data-element_type=\"widget\" data-e-type=\"widget\" data-settings=\"{&quot;motion_fx_motion_fx_scrolling&quot;:&quot;yes&quot;,&quot;motion_fx_translateX_effect&quot;:&quot;yes&quot;,&quot;motion_fx_translateX_direction&quot;:&quot;negative&quot;,&quot;motion_fx_translateX_affectedRange&quot;:{&quot;unit&quot;:&quot;%&quot;,&quot;size&quot;:&quot;&quot;,&quot;sizes&quot;:{&quot;start&quot;:0,&quot;end&quot;:49}},&quot;motion_fx_devices&quot;:[&quot;desktop&quot;,&quot;tablet&quot;],&quot;motion_fx_translateX_speed&quot;:{&quot;unit&quot;:&quot;px&quot;,&quot;size&quot;:4,&quot;sizes&quot;:[]}}\" data-widget_type=\"text-editor.default\">\n\t\t\t\t<div class=\"elementor-widget-container\">\n\t\t\t\t\t\t\t\t\t<p>Nuestra actividad ayuda a preservar el medio ambiente: conseguimos <strong>reducir la extracci\u00f3n de material de las canteras<\/strong>, con el impacto que \u00e9stas tienen en los ecosistemas, y as\u00ed <strong>evitamos la deforestaci\u00f3n<\/strong> .<\/p>\n<p>Adem\u00e1s, los \u00e1ridos que se producen son de una <strong>calidad igual o superior al \u00e1rido natural<\/strong>, y a unos costes m\u00e1s reducidos, lo que no s\u00f3lo posiciona a nuestros productos como sustitutos, sino que adem\u00e1s, son m\u00e1s competitivos.<\/p>\n<p>De esta forma, Adec Global ofrecemos una <strong>alternativa mucho m\u00e1s sostenible a los recursos naturales<\/strong> no renovables empleados por la industria.<\/p>\n\t\t\t\t\t\t\t\t<\/div>\n\t\t\t\t<\/div>\n\t\t\t\t<div class=\"elementor-element elementor-element-853e99e elementor-widget elementor-widget-text-editor\" data-id=\"853e99e\" data-element_type=\"widget\" data-e-type=\"widget\" data-settings=\"{&quot;motion_fx_motion_fx_scrolling&quot;:&quot;yes&quot;,&quot;motion_fx_translateX_effect&quot;:&quot;yes&quot;,&quot;motion_fx_translateX_affectedRange&quot;:{&quot;unit&quot;:&quot;%&quot;,&quot;size&quot;:&quot;&quot;,&quot;sizes&quot;:{&quot;start&quot;:0,&quot;end&quot;:49}},&quot;motion_fx_translateX_direction&quot;:&quot;negative&quot;,&quot;motion_fx_devices&quot;:[&quot;desktop&quot;,&quot;tablet&quot;],&quot;motion_fx_translateX_speed&quot;:{&quot;unit&quot;:&quot;px&quot;,&quot;size&quot;:4,&quot;sizes&quot;:[]}}\" data-widget_type=\"text-editor.default\">\n\t\t\t\t<div class=\"elementor-widget-container\">\n\t\t\t\t\t\t\t\t\t<p>El objetivo de las principales capitales mundiales es <strong>convertirse en las mejores smart cities<\/strong>, lo que implica alcanzar la excelencia en un conjunto de puntos clave, uno de los cuales es el medio ambiente.<\/p>\n<p>Los <strong>\u00e1ridos sider\u00fargicos reciclados alcanzan el preciado ciclo del producto eterno<\/strong>, es decir, en un futuro no ser\u00e1 necesario perjudicar el medio ambiente, bastar\u00e1 con ir reutilizando y reciclando los \u00e1ridos. As\u00ed es como comienza el proceso de la econom\u00eda circular. <\/p>\n\t\t\t\t\t\t\t\t<\/div>\n\t\t\t\t<\/div>\n\t\t\t\t<div class=\"elementor-element elementor-element-937ce57 elementor-widget elementor-widget-text-editor\" data-id=\"937ce57\" data-element_type=\"widget\" data-e-type=\"widget\" data-settings=\"{&quot;motion_fx_motion_fx_scrolling&quot;:&quot;yes&quot;,&quot;motion_fx_translateX_effect&quot;:&quot;yes&quot;,&quot;motion_fx_translateX_direction&quot;:&quot;negative&quot;,&quot;motion_fx_translateX_affectedRange&quot;:{&quot;unit&quot;:&quot;%&quot;,&quot;size&quot;:&quot;&quot;,&quot;sizes&quot;:{&quot;start&quot;:0,&quot;end&quot;:49}},&quot;motion_fx_devices&quot;:[&quot;desktop&quot;,&quot;tablet&quot;],&quot;motion_fx_translateX_speed&quot;:{&quot;unit&quot;:&quot;px&quot;,&quot;size&quot;:4,&quot;sizes&quot;:[]}}\" data-widget_type=\"text-editor.default\">\n\t\t\t\t<div class=\"elementor-widget-container\">\n\t\t\t\t\t\t\t\t\t<p>La descarbonizaci\u00f3n son las acciones que realizamos para <strong>disminuir las emisiones de di\u00f3xido de carbono (CO2) y otros gases que favorecen el efecto invernadero<\/strong> en la atm\u00f3sfera.<\/p>\n<p>Esto lo conseguimos cambiando el modelo energ\u00e9tico de nuestro sistema de producci\u00f3n y consumo, y afirmamos que toda <strong>la maquinaria que utilizamos cumple estrictamente con la normativa europea de Medio Ambiente<\/strong>, y m\u00e1s del 90% de los veh\u00edculos tienen las \u00faltimas certificaciones exigidas por la agencia del Medio Ambiente Europea.<\/p>\n\t\t\t\t\t\t\t\t<\/div>\n\t\t\t\t<\/div>\n\t\t\t\t\t<\/div>\n\t\t<\/div>\n\t\t\t\t<div class=\"has_eae_slider elementor-column elementor-col-25 elementor-top-column elementor-element elementor-element-dbc2a2d\" data-eae-slider=\"85528\" data-id=\"dbc2a2d\" data-element_type=\"column\" data-e-type=\"column\">\n\t\t\t<div class=\"elementor-widget-wrap\">\n\t\t\t\t\t\t\t<\/div>\n\t\t<\/div>\n\t\t\t\t\t<\/div>\n\t\t<\/section>\n\t\t\t\t<section class=\"has_eae_slider elementor-section elementor-top-section elementor-element elementor-element-4740421 elementor-section-full_width elementor-section-height-default elementor-section-height-default\" data-eae-slider=\"33918\" data-id=\"4740421\" data-element_type=\"section\" data-e-type=\"section\" data-settings=\"{&quot;background_background&quot;:&quot;classic&quot;}\">\n\t\t\t\t\t\t<div class=\"elementor-container elementor-column-gap-default\">\n\t\t\t\t\t<div class=\"has_eae_slider elementor-column elementor-col-100 elementor-top-column elementor-element elementor-element-40d7fca\" data-eae-slider=\"51040\" data-id=\"40d7fca\" data-element_type=\"column\" data-e-type=\"column\">\n\t\t\t<div class=\"elementor-widget-wrap elementor-element-populated\">\n\t\t\t\t\t\t<div class=\"elementor-element elementor-element-2feb812 elementor-widget elementor-widget-spacer\" data-id=\"2feb812\" data-element_type=\"widget\" data-e-type=\"widget\" data-widget_type=\"spacer.default\">\n\t\t\t\t<div class=\"elementor-widget-container\">\n\t\t\t\t\t\t\t<div class=\"elementor-spacer\">\n\t\t\t<div class=\"elementor-spacer-inner\"><\/div>\n\t\t<\/div>\n\t\t\t\t\t\t<\/div>\n\t\t\t\t<\/div>\n\t\t\t\t\t<\/div>\n\t\t<\/div>\n\t\t\t\t\t<\/div>\n\t\t<\/section>\n\t\t\t\t<section class=\"has_eae_slider elementor-section elementor-top-section elementor-element elementor-element-8e36ba6 elementor-section-full_width elementor-section-height-default elementor-section-height-default\" data-eae-slider=\"79278\" data-id=\"8e36ba6\" data-element_type=\"section\" data-e-type=\"section\" data-settings=\"{&quot;background_background&quot;:&quot;classic&quot;}\">\n\t\t\t\t\t\t<div class=\"elementor-container elementor-column-gap-default\">\n\t\t\t\t\t<div class=\"has_eae_slider elementor-column elementor-col-100 elementor-top-column elementor-element elementor-element-eba361d\" data-eae-slider=\"18202\" data-id=\"eba361d\" data-element_type=\"column\" data-e-type=\"column\">\n\t\t\t<div class=\"elementor-widget-wrap elementor-element-populated\">\n\t\t\t\t\t\t<div class=\"elementor-element elementor-element-8d387c6 elementor-align-center elementor-invisible elementor-widget elementor-widget-button\" data-id=\"8d387c6\" data-element_type=\"widget\" data-e-type=\"widget\" data-settings=\"{&quot;_animation&quot;:&quot;bounceIn&quot;}\" data-widget_type=\"button.default\">\n\t\t\t\t<div class=\"elementor-widget-container\">\n\t\t\t\t\t\t\t\t\t<div class=\"elementor-button-wrapper\">\n\t\t\t\t\t<a class=\"elementor-button elementor-button-link elementor-size-sm elementor-animation-shrink\" href=\"https:\/\/adecglobal.com\/es\/innovacion\/\">\n\t\t\t\t\t\t<span class=\"elementor-button-content-wrapper\">\n\t\t\t\t\t\t\t\t\t<span class=\"elementor-button-text\">INNOVACI\u00d3N<\/span>\n\t\t\t\t\t<\/span>\n\t\t\t\t\t<\/a>\n\t\t\t\t<\/div>\n\t\t\t\t\t\t\t\t<\/div>\n\t\t\t\t<\/div>\n\t\t\t\t\t<\/div>\n\t\t<\/div>\n\t\t\t\t\t<\/div>\n\t\t<\/section>\n\t\t\t\t<\/div>\n\t\t","protected":false},"excerpt":{"rendered":"<p>Beneficios de la actividad Eco-integraci\u00f3n ambiental . Contribuimos activamente a la protecci\u00f3n del medio ambiente para ser m\u00e1s sostenible. Recuperamos y transformamos residuos de la construcci\u00f3n para convertirlos de nuevo en producto por su aplicaci\u00f3n en hormigones y asfaltos. Gracias a nuestro proceso de recuperaci\u00f3n, nutrimos al sector de la construcci\u00f3n de \u00e1ridos de calidad [&hellip;]<\/p>\n","protected":false},"author":1,"featured_media":0,"parent":0,"menu_order":0,"comment_status":"closed","ping_status":"closed","template":"","meta":{"footnotes":""},"class_list":["post-4853","page","type-page","status-publish","hentry"],"yoast_head":"<!-- This site is optimized with the Yoast SEO Premium plugin v27.3 (Yoast SEO v27.3) - https:\/\/yoast.com\/product\/yoast-seo-premium-wordpress\/ -->\n<title>ADEC GLOBAL | Beneficios de nuestra actividad<\/title>\n<meta name=\"description\" content=\"Nos centramos en la eco-integraci\u00f3n ambiental, contribuyendo activamente a la protecci\u00f3n del medio ambiente, aportando mayores beneficios y sostenibilidad.\" \/>\n<meta name=\"robots\" content=\"index, follow, max-snippet:-1, max-image-preview:large, max-video-preview:-1\" \/>\n<link rel=\"canonical\" href=\"https:\/\/adecglobal.com\/es\/beneficios-actividad\/\" \/>\n<meta property=\"og:locale\" content=\"es_ES\" \/>\n<meta property=\"og:type\" content=\"article\" \/>\n<meta property=\"og:title\" content=\"Beneficios actividad\" \/>\n<meta property=\"og:description\" content=\"Nos centramos en la eco-integraci\u00f3n ambiental, contribuyendo activamente a la protecci\u00f3n del medio ambiente, aportando mayores beneficios y sostenibilidad.\" \/>\n<meta property=\"og:url\" content=\"https:\/\/adecglobal.com\/es\/beneficios-actividad\/\" \/>\n<meta property=\"og:site_name\" content=\"Adec Global\" \/>\n<meta property=\"article:modified_time\" content=\"2024-12-11T12:03:16+00:00\" \/>\n<meta name=\"twitter:card\" content=\"summary_large_image\" \/>\n<meta name=\"twitter:label1\" content=\"Tiempo de lectura\" \/>\n\t<meta name=\"twitter:data1\" content=\"2 minutos\" \/>\n<script type=\"application\/ld+json\" class=\"yoast-schema-graph\">{\"@context\":\"https:\\\/\\\/schema.org\",\"@graph\":[{\"@type\":\"WebPage\",\"@id\":\"https:\\\/\\\/adecglobal.com\\\/es\\\/beneficios-actividad\\\/\",\"url\":\"https:\\\/\\\/adecglobal.com\\\/es\\\/beneficios-actividad\\\/\",\"name\":\"ADEC GLOBAL | Beneficios de nuestra actividad\",\"isPartOf\":{\"@id\":\"https:\\\/\\\/adecglobal.com\\\/es\\\/#website\"},\"datePublished\":\"2022-10-26T17:47:29+00:00\",\"dateModified\":\"2024-12-11T12:03:16+00:00\",\"description\":\"Nos centramos en la eco-integraci\u00f3n ambiental, contribuyendo activamente a la protecci\u00f3n del medio ambiente, aportando mayores beneficios y sostenibilidad.\",\"breadcrumb\":{\"@id\":\"https:\\\/\\\/adecglobal.com\\\/es\\\/beneficios-actividad\\\/#breadcrumb\"},\"inLanguage\":\"es\",\"potentialAction\":[{\"@type\":\"ReadAction\",\"target\":[\"https:\\\/\\\/adecglobal.com\\\/es\\\/beneficios-actividad\\\/\"]}]},{\"@type\":\"BreadcrumbList\",\"@id\":\"https:\\\/\\\/adecglobal.com\\\/es\\\/beneficios-actividad\\\/#breadcrumb\",\"itemListElement\":[{\"@type\":\"ListItem\",\"position\":1,\"name\":\"Home\",\"item\":\"https:\\\/\\\/adecglobal.com\\\/es\\\/hombre\\\/\"},{\"@type\":\"ListItem\",\"position\":2,\"name\":\"Beneficios actividad\"}]},{\"@type\":\"WebSite\",\"@id\":\"https:\\\/\\\/adecglobal.com\\\/es\\\/#website\",\"url\":\"https:\\\/\\\/adecglobal.com\\\/es\\\/\",\"name\":\"Adec Global\",\"description\":\"Convertim residus industrials en \u00e0rids sider\u00fargics\",\"publisher\":{\"@id\":\"https:\\\/\\\/adecglobal.com\\\/es\\\/#organization\"},\"potentialAction\":[{\"@type\":\"SearchAction\",\"target\":{\"@type\":\"EntryPoint\",\"urlTemplate\":\"https:\\\/\\\/adecglobal.com\\\/es\\\/?s={search_term_string}\"},\"query-input\":{\"@type\":\"PropertyValueSpecification\",\"valueRequired\":true,\"valueName\":\"search_term_string\"}}],\"inLanguage\":\"es\"},{\"@type\":\"Organization\",\"@id\":\"https:\\\/\\\/adecglobal.com\\\/es\\\/#organization\",\"name\":\"Adec Global\",\"url\":\"https:\\\/\\\/adecglobal.com\\\/es\\\/\",\"logo\":{\"@type\":\"ImageObject\",\"inLanguage\":\"es\",\"@id\":\"https:\\\/\\\/adecglobal.com\\\/es\\\/#\\\/schema\\\/logo\\\/image\\\/\",\"url\":\"https:\\\/\\\/adecglobal.com\\\/wp-content\\\/uploads\\\/2021\\\/04\\\/adec-global-logo.webp\",\"contentUrl\":\"https:\\\/\\\/adecglobal.com\\\/wp-content\\\/uploads\\\/2021\\\/04\\\/adec-global-logo.webp\",\"width\":659,\"height\":141,\"caption\":\"Adec Global\"},\"image\":{\"@id\":\"https:\\\/\\\/adecglobal.com\\\/es\\\/#\\\/schema\\\/logo\\\/image\\\/\"}}]}<\/script>\n<!-- \/ Yoast SEO Premium plugin. -->","yoast_head_json":{"title":"ADEC GLOBAL | Beneficios de nuestra actividad","description":"Nos centramos en la eco-integraci\u00f3n ambiental, contribuyendo activamente a la protecci\u00f3n del medio ambiente, aportando mayores beneficios y sostenibilidad.","robots":{"index":"index","follow":"follow","max-snippet":"max-snippet:-1","max-image-preview":"max-image-preview:large","max-video-preview":"max-video-preview:-1"},"canonical":"https:\/\/adecglobal.com\/es\/beneficios-actividad\/","og_locale":"es_ES","og_type":"article","og_title":"Beneficios actividad","og_description":"Nos centramos en la eco-integraci\u00f3n ambiental, contribuyendo activamente a la protecci\u00f3n del medio ambiente, aportando mayores beneficios y sostenibilidad.","og_url":"https:\/\/adecglobal.com\/es\/beneficios-actividad\/","og_site_name":"Adec Global","article_modified_time":"2024-12-11T12:03:16+00:00","twitter_card":"summary_large_image","twitter_misc":{"Tiempo de lectura":"2 minutos"},"schema":{"@context":"https:\/\/schema.org","@graph":[{"@type":"WebPage","@id":"https:\/\/adecglobal.com\/es\/beneficios-actividad\/","url":"https:\/\/adecglobal.com\/es\/beneficios-actividad\/","name":"ADEC GLOBAL | Beneficios de nuestra actividad","isPartOf":{"@id":"https:\/\/adecglobal.com\/es\/#website"},"datePublished":"2022-10-26T17:47:29+00:00","dateModified":"2024-12-11T12:03:16+00:00","description":"Nos centramos en la eco-integraci\u00f3n ambiental, contribuyendo activamente a la protecci\u00f3n del medio ambiente, aportando mayores beneficios y sostenibilidad.","breadcrumb":{"@id":"https:\/\/adecglobal.com\/es\/beneficios-actividad\/#breadcrumb"},"inLanguage":"es","potentialAction":[{"@type":"ReadAction","target":["https:\/\/adecglobal.com\/es\/beneficios-actividad\/"]}]},{"@type":"BreadcrumbList","@id":"https:\/\/adecglobal.com\/es\/beneficios-actividad\/#breadcrumb","itemListElement":[{"@type":"ListItem","position":1,"name":"Home","item":"https:\/\/adecglobal.com\/es\/hombre\/"},{"@type":"ListItem","position":2,"name":"Beneficios actividad"}]},{"@type":"WebSite","@id":"https:\/\/adecglobal.com\/es\/#website","url":"https:\/\/adecglobal.com\/es\/","name":"Adec Global","description":"Convertim residus industrials en \u00e0rids sider\u00fargics","publisher":{"@id":"https:\/\/adecglobal.com\/es\/#organization"},"potentialAction":[{"@type":"SearchAction","target":{"@type":"EntryPoint","urlTemplate":"https:\/\/adecglobal.com\/es\/?s={search_term_string}"},"query-input":{"@type":"PropertyValueSpecification","valueRequired":true,"valueName":"search_term_string"}}],"inLanguage":"es"},{"@type":"Organization","@id":"https:\/\/adecglobal.com\/es\/#organization","name":"Adec Global","url":"https:\/\/adecglobal.com\/es\/","logo":{"@type":"ImageObject","inLanguage":"es","@id":"https:\/\/adecglobal.com\/es\/#\/schema\/logo\/image\/","url":"https:\/\/adecglobal.com\/wp-content\/uploads\/2021\/04\/adec-global-logo.webp","contentUrl":"https:\/\/adecglobal.com\/wp-content\/uploads\/2021\/04\/adec-global-logo.webp","width":659,"height":141,"caption":"Adec Global"},"image":{"@id":"https:\/\/adecglobal.com\/es\/#\/schema\/logo\/image\/"}}]}},"_links":{"self":[{"href":"https:\/\/adecglobal.com\/es\/wp-json\/wp\/v2\/pages\/4853","targetHints":{"allow":["GET"]}}],"collection":[{"href":"https:\/\/adecglobal.com\/es\/wp-json\/wp\/v2\/pages"}],"about":[{"href":"https:\/\/adecglobal.com\/es\/wp-json\/wp\/v2\/types\/page"}],"author":[{"embeddable":true,"href":"https:\/\/adecglobal.com\/es\/wp-json\/wp\/v2\/users\/1"}],"replies":[{"embeddable":true,"href":"https:\/\/adecglobal.com\/es\/wp-json\/wp\/v2\/comments?post=4853"}],"version-history":[{"count":4,"href":"https:\/\/adecglobal.com\/es\/wp-json\/wp\/v2\/pages\/4853\/revisions"}],"predecessor-version":[{"id":5208,"href":"https:\/\/adecglobal.com\/es\/wp-json\/wp\/v2\/pages\/4853\/revisions\/5208"}],"wp:attachment":[{"href":"https:\/\/adecglobal.com\/es\/wp-json\/wp\/v2\/media?parent=4853"}],"curies":[{"name":"wp","href":"https:\/\/api.w.org\/{rel}","templated":true}]}}